{"id":8369,"date":"2017-09-22T11:56:11","date_gmt":"2017-09-22T09:56:11","guid":{"rendered":"https:\/\/www.dmsolutions.de\/blog\/?page_id=8369"},"modified":"2017-11-02T08:56:54","modified_gmt":"2017-11-02T07:56:54","slug":"oscommerce","status":"publish","type":"page","link":"https:\/\/www.dmsolutions.de\/blog\/oscommerce\/","title":{"rendered":"osCommerce"},"content":{"rendered":"<div class=\"uk-panel uk-panel-box custom\">Suchen Sie nach passenden Webhosting Angeboten f\u00fcr osCommerce? Wir bieten Ihnen preiswertes <a href=\"https:\/\/www.dmsolutions.de\/oscommerce-hosting.html\" title=\"osCommerce Hosting\">osCommerce Hosting<\/a> bereits ab 4,99\u20ac pro Monat inklusive vorinstalliertem osCommerce und mit kostenlosem Let&#8217;s Encrypt SSL Zertifikat!<\/div>\n\n\n<div id=\"wk-grid57a\" class=\"uk-grid-width-1-1 uk-grid-width-small-1-2 uk-grid-width-medium-1-2 uk-grid uk-grid-match uk-text-center \" data-uk-grid-match=\"{target:'> div > .uk-panel', row:true}\" data-uk-grid-margin  data-uk-scrollspy=\"{cls:'uk-animation-fade uk-invisible', target:'> div > .uk-panel', delay:300}\">\n\n\n    <div>\n        <div class=\"uk-panel uk-panel-box uk-panel-box-hover uk-invisible\">\n\n                        <a class=\"uk-position-cover uk-position-z-index\" href=\"https:\/\/www.dmsolutions.de\/blog\/online-shop-als-rettung-fuer-einzelhaendler-und-gastronomen-in-not\/\" title=\"In Krisenzeiten: Online-Shop als Rettung f\u00fcr Einzelh\u00e4ndler und Gastronomen in Not\"><\/a>\n            \n            \n            \n            \n                        <h3 class=\"uk-panel-title\">\n\n                                    <a class=\"uk-link-reset\" href=\"https:\/\/www.dmsolutions.de\/blog\/online-shop-als-rettung-fuer-einzelhaendler-und-gastronomen-in-not\/\">In Krisenzeiten: Online-Shop als Rettung f\u00fcr Einzelh\u00e4ndler und Gastronomen in Not<\/a>\n                \n                \n            <\/h3>\n            \n            \n            \n                        <div class=\"uk-margin\"><p><img loading=\"lazy\" decoding=\"async\" class=\"aligncenter size-full wp-image-9557\" src=\"https:\/\/www.dmsolutions.de\/blog\/wp-content\/uploads\/2021\/02\/samantha-borges-EeS69TTPQ18-unsplash-scaled-e1614095213440.jpg\" alt=\"\" width=\"940\" height=\"627\" \/><\/p>\n<p>Liebe Leser,<\/p>\n<p>leider hat uns auch im Jahr 2021 Corona noch immer voll im Griff. W\u00e4hrend das \u00f6ffentliche Leben im Sommer 2020 wieder zu einer Art Normalzustand zur\u00fcckgekehrt war, hat es nun erneut einen Komplettstillstand erreicht. Der Lockdown macht uns allen zu schaffen, besonders schwer haben es zurzeit jedoch die kleinen Einzelh\u00e4ndler und Gastronomen. Denn gerade diese haben momentan unter enormen Umsatzeinbu\u00dfen zu leiden. Ein Retter in der Not kann hier ein Umzug ins Digitale sein \u2013 zum Beispiel mit der Er\u00f6ffnung eines eigenen Online-Shops. <\/p>\n<div class=\"shariff shariff-align-left shariff-widget-align-left\" data-services=\"facebook\" data-url=\"https:\/\/www.dmsolutions.de\/blog\/oscommerce\/\" data-timestamp=\"1509613014\" data-backendurl=\"https:\/\/www.dmsolutions.de\/blog\/wp-json\/shariff\/v1\/share_counts?\"><div class=\"ShariffHeadline\">Teile diesen Beitrag<\/div><ul class=\"shariff-buttons theme-round orientation-horizontal buttonsize-medium\"><li class=\"shariff-button facebook shariff-nocustomcolor\" style=\"background-color:#4273c8\"><a href=\"https:\/\/www.facebook.com\/sharer\/sharer.php?u=https%3A%2F%2Fwww.dmsolutions.de%2Fblog%2Foscommerce%2F\" title=\"Bei Facebook teilen\" aria-label=\"Bei Facebook teilen\" role=\"button\" rel=\"nofollow\" class=\"shariff-link\" style=\"; background-color:#3b5998; color:#fff\" target=\"_blank\"><span class=\"shariff-icon\" style=\"\"><svg width=\"32px\" height=\"20px\" xmlns=\"http:\/\/www.w3.org\/2000\/svg\" viewBox=\"0 0 18 32\"><path fill=\"#3b5998\" d=\"M17.1 0.2v4.7h-2.8q-1.5 0-2.1 0.6t-0.5 1.9v3.4h5.2l-0.7 5.3h-4.5v13.6h-5.5v-13.6h-4.5v-5.3h4.5v-3.9q0-3.3 1.9-5.2t5-1.8q2.6 0 4.1 0.2z\"\/><\/svg><\/span><\/a><\/li><li class=\"shariff-button twitter shariff-nocustomcolor\" style=\"background-color:#595959\"><a href=\"https:\/\/twitter.com\/share?url=https%3A%2F%2Fwww.dmsolutions.de%2Fblog%2Foscommerce%2F&text=osCommerce&via=dmsolutions_it\" title=\"Bei X teilen\" aria-label=\"Bei X teilen\" role=\"button\" rel=\"noopener nofollow\" class=\"shariff-link\" style=\"; background-color:#000; color:#fff\" target=\"_blank\"><span class=\"shariff-icon\" style=\"\"><svg width=\"32px\" height=\"20px\" xmlns=\"http:\/\/www.w3.org\/2000\/svg\" viewBox=\"0 0 24 24\"><path fill=\"#000\" d=\"M14.258 10.152L23.176 0h-2.113l-7.747 8.813L7.133 0H0l9.352 13.328L0 23.973h2.113l8.176-9.309 6.531 9.309h7.133zm-2.895 3.293l-.949-1.328L2.875 1.56h3.246l6.086 8.523.945 1.328 7.91 11.078h-3.246zm0 0\"\/><\/svg><\/span><\/a><\/li><\/ul><\/div><\/div>\n            \n            \n                        <p><a class=\"uk-button\" href=\"https:\/\/www.dmsolutions.de\/blog\/online-shop-als-rettung-fuer-einzelhaendler-und-gastronomen-in-not\/\">Weiterlesen<\/a><\/p>\n            \n            \n        <\/div>\n    <\/div>\n\n\n    <div>\n        <div class=\"uk-panel uk-panel-box uk-panel-box-hover uk-invisible\">\n\n                        <a class=\"uk-position-cover uk-position-z-index\" href=\"https:\/\/www.dmsolutions.de\/blog\/oscommerce-update-2-3-3-3-veroeffentlicht\/\" title=\"osCommerce Update 2.3.3.3 ver\u00f6ffentlicht\"><\/a>\n            \n            \n            \n            \n                        <h3 class=\"uk-panel-title\">\n\n                                    <a class=\"uk-link-reset\" href=\"https:\/\/www.dmsolutions.de\/blog\/oscommerce-update-2-3-3-3-veroeffentlicht\/\">osCommerce Update 2.3.3.3 ver\u00f6ffentlicht<\/a>\n                \n                \n            <\/h3>\n            \n            \n            \n                        <div class=\"uk-margin\"><p style=\"text-align: center;\"><img loading=\"lazy\" decoding=\"async\" class=\"aligncenter size-full wp-image-2862\" src=\"https:\/\/www.dmsolutions.de\/blog\/wp-content\/uploads\/2013\/08\/oscommerce-update.jpg\" alt=\"Neues osCommerce Update ver\u00f6ffentlicht\" width=\"700\" height=\"200\" srcset=\"https:\/\/www.dmsolutions.de\/blog\/wp-content\/uploads\/2013\/08\/oscommerce-update.jpg 700w, https:\/\/www.dmsolutions.de\/blog\/wp-content\/uploads\/2013\/08\/oscommerce-update-300x85.jpg 300w\" sizes=\"auto, (max-width: 700px) 100vw, 700px\" \/><\/p>\n<p>Liebe Leser,<\/p>\n<p>das Entwicklerteam von osCommerce ist nun noch einen Schritt n\u00e4her an der Zielversion 2.3.4 und ver\u00f6ffentlich heute osCommerce 2.3.3.3.<\/p>\n<div class=\"shariff shariff-align-left shariff-widget-align-left\" data-services=\"facebook\" data-url=\"https:\/\/www.dmsolutions.de\/blog\/oscommerce\/\" data-timestamp=\"1509613014\" data-backendurl=\"https:\/\/www.dmsolutions.de\/blog\/wp-json\/shariff\/v1\/share_counts?\"><div class=\"ShariffHeadline\">Teile diesen Beitrag<\/div><ul class=\"shariff-buttons theme-round orientation-horizontal buttonsize-medium\"><li class=\"shariff-button facebook shariff-nocustomcolor\" style=\"background-color:#4273c8\"><a href=\"https:\/\/www.facebook.com\/sharer\/sharer.php?u=https%3A%2F%2Fwww.dmsolutions.de%2Fblog%2Foscommerce%2F\" title=\"Bei Facebook teilen\" aria-label=\"Bei Facebook teilen\" role=\"button\" rel=\"nofollow\" class=\"shariff-link\" style=\"; background-color:#3b5998; color:#fff\" target=\"_blank\"><span class=\"shariff-icon\" style=\"\"><svg width=\"32px\" height=\"20px\" xmlns=\"http:\/\/www.w3.org\/2000\/svg\" viewBox=\"0 0 18 32\"><path fill=\"#3b5998\" d=\"M17.1 0.2v4.7h-2.8q-1.5 0-2.1 0.6t-0.5 1.9v3.4h5.2l-0.7 5.3h-4.5v13.6h-5.5v-13.6h-4.5v-5.3h4.5v-3.9q0-3.3 1.9-5.2t5-1.8q2.6 0 4.1 0.2z\"\/><\/svg><\/span><\/a><\/li><li class=\"shariff-button twitter shariff-nocustomcolor\" style=\"background-color:#595959\"><a href=\"https:\/\/twitter.com\/share?url=https%3A%2F%2Fwww.dmsolutions.de%2Fblog%2Foscommerce%2F&text=osCommerce&via=dmsolutions_it\" title=\"Bei X teilen\" aria-label=\"Bei X teilen\" role=\"button\" rel=\"noopener nofollow\" class=\"shariff-link\" style=\"; background-color:#000; color:#fff\" target=\"_blank\"><span class=\"shariff-icon\" style=\"\"><svg width=\"32px\" height=\"20px\" xmlns=\"http:\/\/www.w3.org\/2000\/svg\" viewBox=\"0 0 24 24\"><path fill=\"#000\" d=\"M14.258 10.152L23.176 0h-2.113l-7.747 8.813L7.133 0H0l9.352 13.328L0 23.973h2.113l8.176-9.309 6.531 9.309h7.133zm-2.895 3.293l-.949-1.328L2.875 1.56h3.246l6.086 8.523.945 1.328 7.91 11.078h-3.246zm0 0\"\/><\/svg><\/span><\/a><\/li><\/ul><\/div><\/div>\n            \n            \n                        <p><a class=\"uk-button\" href=\"https:\/\/www.dmsolutions.de\/blog\/oscommerce-update-2-3-3-3-veroeffentlicht\/\">Weiterlesen<\/a><\/p>\n            \n            \n        <\/div>\n    <\/div>\n\n\n    <div>\n        <div class=\"uk-panel uk-panel-box uk-panel-box-hover uk-invisible\">\n\n                        <a class=\"uk-position-cover uk-position-z-index\" href=\"https:\/\/www.dmsolutions.de\/blog\/oscommerce-update-2-3-3-2-erschienen\/\" title=\"osCommerce Update 2.3.3.2 erschienen\"><\/a>\n            \n            \n            \n            \n                        <h3 class=\"uk-panel-title\">\n\n                                    <a class=\"uk-link-reset\" href=\"https:\/\/www.dmsolutions.de\/blog\/oscommerce-update-2-3-3-2-erschienen\/\">osCommerce Update 2.3.3.2 erschienen<\/a>\n                \n                \n            <\/h3>\n            \n            \n            \n                        <div class=\"uk-margin\"><p style=\"text-align: center;\"><img loading=\"lazy\" decoding=\"async\" class=\"aligncenter size-full wp-image-2862\" src=\"https:\/\/www.dmsolutions.de\/blog\/wp-content\/uploads\/2013\/08\/oscommerce-update.jpg\" alt=\"Neues osCommerce Update ver\u00f6ffentlicht\" width=\"700\" height=\"200\" srcset=\"https:\/\/www.dmsolutions.de\/blog\/wp-content\/uploads\/2013\/08\/oscommerce-update.jpg 700w, https:\/\/www.dmsolutions.de\/blog\/wp-content\/uploads\/2013\/08\/oscommerce-update-300x85.jpg 300w\" sizes=\"auto, (max-width: 700px) 100vw, 700px\" \/><\/p>\n<p>Liebe Leser,<\/p>\n<p>auf dem Weg zu osCommerce 2.3.4, ist heute noch ein Update erschienen, dass der Verbesserung des Systems dienen und den Weg zur angestrebten Version ebnen soll.<\/p>\n<div class=\"shariff shariff-align-left shariff-widget-align-left\" data-services=\"facebook\" data-url=\"https:\/\/www.dmsolutions.de\/blog\/oscommerce\/\" data-timestamp=\"1509613014\" data-backendurl=\"https:\/\/www.dmsolutions.de\/blog\/wp-json\/shariff\/v1\/share_counts?\"><div class=\"ShariffHeadline\">Teile diesen Beitrag<\/div><ul class=\"shariff-buttons theme-round orientation-horizontal buttonsize-medium\"><li class=\"shariff-button facebook shariff-nocustomcolor\" style=\"background-color:#4273c8\"><a href=\"https:\/\/www.facebook.com\/sharer\/sharer.php?u=https%3A%2F%2Fwww.dmsolutions.de%2Fblog%2Foscommerce%2F\" title=\"Bei Facebook teilen\" aria-label=\"Bei Facebook teilen\" role=\"button\" rel=\"nofollow\" class=\"shariff-link\" style=\"; background-color:#3b5998; color:#fff\" target=\"_blank\"><span class=\"shariff-icon\" style=\"\"><svg width=\"32px\" height=\"20px\" xmlns=\"http:\/\/www.w3.org\/2000\/svg\" viewBox=\"0 0 18 32\"><path fill=\"#3b5998\" d=\"M17.1 0.2v4.7h-2.8q-1.5 0-2.1 0.6t-0.5 1.9v3.4h5.2l-0.7 5.3h-4.5v13.6h-5.5v-13.6h-4.5v-5.3h4.5v-3.9q0-3.3 1.9-5.2t5-1.8q2.6 0 4.1 0.2z\"\/><\/svg><\/span><\/a><\/li><li class=\"shariff-button twitter shariff-nocustomcolor\" style=\"background-color:#595959\"><a href=\"https:\/\/twitter.com\/share?url=https%3A%2F%2Fwww.dmsolutions.de%2Fblog%2Foscommerce%2F&text=osCommerce&via=dmsolutions_it\" title=\"Bei X teilen\" aria-label=\"Bei X teilen\" role=\"button\" rel=\"noopener nofollow\" class=\"shariff-link\" style=\"; background-color:#000; color:#fff\" target=\"_blank\"><span class=\"shariff-icon\" style=\"\"><svg width=\"32px\" height=\"20px\" xmlns=\"http:\/\/www.w3.org\/2000\/svg\" viewBox=\"0 0 24 24\"><path fill=\"#000\" d=\"M14.258 10.152L23.176 0h-2.113l-7.747 8.813L7.133 0H0l9.352 13.328L0 23.973h2.113l8.176-9.309 6.531 9.309h7.133zm-2.895 3.293l-.949-1.328L2.875 1.56h3.246l6.086 8.523.945 1.328 7.91 11.078h-3.246zm0 0\"\/><\/svg><\/span><\/a><\/li><\/ul><\/div><\/div>\n            \n            \n                        <p><a class=\"uk-button\" href=\"https:\/\/www.dmsolutions.de\/blog\/oscommerce-update-2-3-3-2-erschienen\/\">Weiterlesen<\/a><\/p>\n            \n            \n        <\/div>\n    <\/div>\n\n\n    <div>\n        <div class=\"uk-panel uk-panel-box uk-panel-box-hover uk-invisible\">\n\n                        <a class=\"uk-position-cover uk-position-z-index\" href=\"https:\/\/www.dmsolutions.de\/blog\/oscommerce-update-2-3-3-1-veroeffentlicht\/\" title=\"osCommerce Update 2.3.3.1 ver\u00f6ffentlicht\"><\/a>\n            \n            \n            \n            \n                        <h3 class=\"uk-panel-title\">\n\n                                    <a class=\"uk-link-reset\" href=\"https:\/\/www.dmsolutions.de\/blog\/oscommerce-update-2-3-3-1-veroeffentlicht\/\">osCommerce Update 2.3.3.1 ver\u00f6ffentlicht<\/a>\n                \n                \n            <\/h3>\n            \n            \n            \n                        <div class=\"uk-margin\"><p style=\"text-align: center;\"><img loading=\"lazy\" decoding=\"async\" class=\"aligncenter size-full wp-image-2862\" src=\"https:\/\/www.dmsolutions.de\/blog\/wp-content\/uploads\/2013\/08\/oscommerce-update.jpg\" alt=\"Neues osCommerce Update ver\u00f6ffentlicht\" width=\"700\" height=\"200\" srcset=\"https:\/\/www.dmsolutions.de\/blog\/wp-content\/uploads\/2013\/08\/oscommerce-update.jpg 700w, https:\/\/www.dmsolutions.de\/blog\/wp-content\/uploads\/2013\/08\/oscommerce-update-300x85.jpg 300w\" sizes=\"auto, (max-width: 700px) 100vw, 700px\" \/><\/p>\n<p>Liebe Leser,<\/p>\n<p>nach einem Jahr wurde nun ein neues Update f\u00fcr das Shop System osCommerce ver\u00f6ffentlicht.<\/p>\n<div class=\"shariff shariff-align-left shariff-widget-align-left\" data-services=\"facebook\" data-url=\"https:\/\/www.dmsolutions.de\/blog\/oscommerce\/\" data-timestamp=\"1509613014\" data-backendurl=\"https:\/\/www.dmsolutions.de\/blog\/wp-json\/shariff\/v1\/share_counts?\"><div class=\"ShariffHeadline\">Teile diesen Beitrag<\/div><ul class=\"shariff-buttons theme-round orientation-horizontal buttonsize-medium\"><li class=\"shariff-button facebook shariff-nocustomcolor\" style=\"background-color:#4273c8\"><a href=\"https:\/\/www.facebook.com\/sharer\/sharer.php?u=https%3A%2F%2Fwww.dmsolutions.de%2Fblog%2Foscommerce%2F\" title=\"Bei Facebook teilen\" aria-label=\"Bei Facebook teilen\" role=\"button\" rel=\"nofollow\" class=\"shariff-link\" style=\"; background-color:#3b5998; color:#fff\" target=\"_blank\"><span class=\"shariff-icon\" style=\"\"><svg width=\"32px\" height=\"20px\" xmlns=\"http:\/\/www.w3.org\/2000\/svg\" viewBox=\"0 0 18 32\"><path fill=\"#3b5998\" d=\"M17.1 0.2v4.7h-2.8q-1.5 0-2.1 0.6t-0.5 1.9v3.4h5.2l-0.7 5.3h-4.5v13.6h-5.5v-13.6h-4.5v-5.3h4.5v-3.9q0-3.3 1.9-5.2t5-1.8q2.6 0 4.1 0.2z\"\/><\/svg><\/span><\/a><\/li><li class=\"shariff-button twitter shariff-nocustomcolor\" style=\"background-color:#595959\"><a href=\"https:\/\/twitter.com\/share?url=https%3A%2F%2Fwww.dmsolutions.de%2Fblog%2Foscommerce%2F&text=osCommerce&via=dmsolutions_it\" title=\"Bei X teilen\" aria-label=\"Bei X teilen\" role=\"button\" rel=\"noopener nofollow\" class=\"shariff-link\" style=\"; background-color:#000; color:#fff\" target=\"_blank\"><span class=\"shariff-icon\" style=\"\"><svg width=\"32px\" height=\"20px\" xmlns=\"http:\/\/www.w3.org\/2000\/svg\" viewBox=\"0 0 24 24\"><path fill=\"#000\" d=\"M14.258 10.152L23.176 0h-2.113l-7.747 8.813L7.133 0H0l9.352 13.328L0 23.973h2.113l8.176-9.309 6.531 9.309h7.133zm-2.895 3.293l-.949-1.328L2.875 1.56h3.246l6.086 8.523.945 1.328 7.91 11.078h-3.246zm0 0\"\/><\/svg><\/span><\/a><\/li><\/ul><\/div><\/div>\n            \n            \n                        <p><a class=\"uk-button\" href=\"https:\/\/www.dmsolutions.de\/blog\/oscommerce-update-2-3-3-1-veroeffentlicht\/\">Weiterlesen<\/a><\/p>\n            \n            \n        <\/div>\n    <\/div>\n\n\n    <div>\n        <div class=\"uk-panel uk-panel-box uk-panel-box-hover uk-invisible\">\n\n                        <a class=\"uk-position-cover uk-position-z-index\" href=\"https:\/\/www.dmsolutions.de\/blog\/sicherheitsluecke-im-shopsystem-os-commerce\/\" title=\"Sicherheitsl\u00fccke im Shopsystem OS Commerce\"><\/a>\n            \n            \n            \n            \n                        <h3 class=\"uk-panel-title\">\n\n                                    <a class=\"uk-link-reset\" href=\"https:\/\/www.dmsolutions.de\/blog\/sicherheitsluecke-im-shopsystem-os-commerce\/\">Sicherheitsl\u00fccke im Shopsystem OS Commerce<\/a>\n                \n                \n            <\/h3>\n            \n            \n            \n                        <div class=\"uk-margin\"><p style=\"text-align: center;\"><img loading=\"lazy\" decoding=\"async\" class=\"aligncenter wp-image-7991 size-full\" title=\"os-commerce-sicherheitsluecke\" src=\"https:\/\/www.dmsolutions.de\/blog\/wp-content\/uploads\/2011\/07\/oscommerce-update.jpg\" alt=\"Sicherheitsl\u00fccke im Shopsystem OS Commerce \" width=\"940\" height=\"788\" srcset=\"https:\/\/www.dmsolutions.de\/blog\/wp-content\/uploads\/2011\/07\/oscommerce-update.jpg 940w, https:\/\/www.dmsolutions.de\/blog\/wp-content\/uploads\/2011\/07\/oscommerce-update-300x251.jpg 300w, https:\/\/www.dmsolutions.de\/blog\/wp-content\/uploads\/2011\/07\/oscommerce-update-768x644.jpg 768w\" sizes=\"auto, (max-width: 940px) 100vw, 940px\" \/><\/p>\n<p>Bereits am Mittwoch wurde ein enormes Sicherheitsproblem bei den Online Shops mit<strong> OS Commerce<\/strong> Software entdeckt. Innerhalb weniger Stunden konnte die Infizierung bei ca. 300 deutschen Online Shops nachgewiesen werden. Die Sicherheitsl\u00fccke bewirkt, dass Malware an s\u00e4mtliche Besucher des Online Shops weitergegeben wird. Infizierte Shops k\u00f6nnen durch einen in den Titel-Tag eingef\u00fcgten iFrame gepr\u00fcft werden. Allerdings wurde der Schadcode bereits auch an anderen Stellen entdeckt. Ein Patch existiert bislang nicht.<\/p>\n<p>Derzeit ist noch v\u00f6llig unklar, wie der sch\u00e4dliche Code in die OS Commerce Shop-Installationen eindringen konnte, weshalb die Beseitigung entsprechend schwierig ist.<br \/>\nOb Ihr Shop von dieser Malware betroffen ist, k\u00f6nnen Sie im Quellcode anhand von verd\u00e4chtigen iFrames erkennen. Beim Besuch ihres OS Commerce Shops wird Shopbetreibern empfohlen zun\u00e4chst JavaScript im Browser zu deaktivieren, damit der Client nicht ebenfalls infiziert wird.<\/p>\n<p>Sobald ein Patch f\u00fcr diese Sicherheitsl\u00fccke ver\u00f6ffentlicht wird, werden Sie in unserem Blog schnellstm\u00f6glich dar\u00fcber informiert.<\/p>\n<div class=\"shariff shariff-align-left shariff-widget-align-left\" data-services=\"facebook\" data-url=\"https:\/\/www.dmsolutions.de\/blog\/oscommerce\/\" data-timestamp=\"1509613014\" data-backendurl=\"https:\/\/www.dmsolutions.de\/blog\/wp-json\/shariff\/v1\/share_counts?\"><div class=\"ShariffHeadline\">Teile diesen Beitrag<\/div><ul class=\"shariff-buttons theme-round orientation-horizontal buttonsize-medium\"><li class=\"shariff-button facebook shariff-nocustomcolor\" style=\"background-color:#4273c8\"><a href=\"https:\/\/www.facebook.com\/sharer\/sharer.php?u=https%3A%2F%2Fwww.dmsolutions.de%2Fblog%2Foscommerce%2F\" title=\"Bei Facebook teilen\" aria-label=\"Bei Facebook teilen\" role=\"button\" rel=\"nofollow\" class=\"shariff-link\" style=\"; background-color:#3b5998; color:#fff\" target=\"_blank\"><span class=\"shariff-icon\" style=\"\"><svg width=\"32px\" height=\"20px\" xmlns=\"http:\/\/www.w3.org\/2000\/svg\" viewBox=\"0 0 18 32\"><path fill=\"#3b5998\" d=\"M17.1 0.2v4.7h-2.8q-1.5 0-2.1 0.6t-0.5 1.9v3.4h5.2l-0.7 5.3h-4.5v13.6h-5.5v-13.6h-4.5v-5.3h4.5v-3.9q0-3.3 1.9-5.2t5-1.8q2.6 0 4.1 0.2z\"\/><\/svg><\/span><\/a><\/li><li class=\"shariff-button twitter shariff-nocustomcolor\" style=\"background-color:#595959\"><a href=\"https:\/\/twitter.com\/share?url=https%3A%2F%2Fwww.dmsolutions.de%2Fblog%2Foscommerce%2F&text=osCommerce&via=dmsolutions_it\" title=\"Bei X teilen\" aria-label=\"Bei X teilen\" role=\"button\" rel=\"noopener nofollow\" class=\"shariff-link\" style=\"; background-color:#000; color:#fff\" target=\"_blank\"><span class=\"shariff-icon\" style=\"\"><svg width=\"32px\" height=\"20px\" xmlns=\"http:\/\/www.w3.org\/2000\/svg\" viewBox=\"0 0 24 24\"><path fill=\"#000\" d=\"M14.258 10.152L23.176 0h-2.113l-7.747 8.813L7.133 0H0l9.352 13.328L0 23.973h2.113l8.176-9.309 6.531 9.309h7.133zm-2.895 3.293l-.949-1.328L2.875 1.56h3.246l6.086 8.523.945 1.328 7.91 11.078h-3.246zm0 0\"\/><\/svg><\/span><\/a><\/li><\/ul><\/div><\/div>\n            \n            \n                        <p><a class=\"uk-button\" href=\"https:\/\/www.dmsolutions.de\/blog\/sicherheitsluecke-im-shopsystem-os-commerce\/\">Weiterlesen<\/a><\/p>\n            \n            \n        <\/div>\n    <\/div>\n\n\n<\/div>\n\n<script>\n(function($){\n\n    \/\/ get the images of the gallery and replace it by a canvas of the same size to fix the problem with overlapping images on load.\n    $('img[width][height]:not(.uk-overlay-panel)', $('#wk-grid57a')).each(function() {\n\n        var $img = $(this);\n\n        if (this.width == 'auto' || this.height == 'auto' || !$img.is(':visible')) {\n            return;\n        }\n\n        var $canvas = $('<canvas class=\"uk-responsive-width\"><\/canvas>').attr({width:$img.attr('width'), height:$img.attr('height')}),\n            img = new Image,\n            release = function() {\n                $canvas.remove();\n                $img.css('display', '');\n                release = function(){};\n            };\n\n        $img.css('display', 'none').after($canvas);\n\n        $(img).on('load', function(){ release(); });\n        setTimeout(function(){ release(); }, 1000);\n\n        img.src = this.src;\n\n    });\n\n})(jQuery);\n<\/script>\n\n<div class=\"shariff shariff-align-left shariff-widget-align-left\" data-services=\"facebook\" data-url=\"https:\/\/www.dmsolutions.de\/blog\/oscommerce\/\" data-timestamp=\"1509613014\" data-backendurl=\"https:\/\/www.dmsolutions.de\/blog\/wp-json\/shariff\/v1\/share_counts?\"><div class=\"ShariffHeadline\">Teile diesen Beitrag<\/div><ul class=\"shariff-buttons theme-round orientation-horizontal buttonsize-medium\"><li class=\"shariff-button facebook shariff-nocustomcolor\" style=\"background-color:#4273c8\"><a href=\"https:\/\/www.facebook.com\/sharer\/sharer.php?u=https%3A%2F%2Fwww.dmsolutions.de%2Fblog%2Foscommerce%2F\" title=\"Bei Facebook teilen\" aria-label=\"Bei Facebook teilen\" role=\"button\" rel=\"nofollow\" class=\"shariff-link\" style=\"; background-color:#3b5998; color:#fff\" target=\"_blank\"><span class=\"shariff-icon\" style=\"\"><svg width=\"32px\" height=\"20px\" xmlns=\"http:\/\/www.w3.org\/2000\/svg\" viewBox=\"0 0 18 32\"><path fill=\"#3b5998\" d=\"M17.1 0.2v4.7h-2.8q-1.5 0-2.1 0.6t-0.5 1.9v3.4h5.2l-0.7 5.3h-4.5v13.6h-5.5v-13.6h-4.5v-5.3h4.5v-3.9q0-3.3 1.9-5.2t5-1.8q2.6 0 4.1 0.2z\"\/><\/svg><\/span><\/a><\/li><li class=\"shariff-button twitter shariff-nocustomcolor\" style=\"background-color:#595959\"><a href=\"https:\/\/twitter.com\/share?url=https%3A%2F%2Fwww.dmsolutions.de%2Fblog%2Foscommerce%2F&text=osCommerce&via=dmsolutions_it\" title=\"Bei X teilen\" aria-label=\"Bei X teilen\" role=\"button\" rel=\"noopener nofollow\" class=\"shariff-link\" style=\"; background-color:#000; color:#fff\" target=\"_blank\"><span class=\"shariff-icon\" style=\"\"><svg width=\"32px\" height=\"20px\" xmlns=\"http:\/\/www.w3.org\/2000\/svg\" viewBox=\"0 0 24 24\"><path fill=\"#000\" d=\"M14.258 10.152L23.176 0h-2.113l-7.747 8.813L7.133 0H0l9.352 13.328L0 23.973h2.113l8.176-9.309 6.531 9.309h7.133zm-2.895 3.293l-.949-1.328L2.875 1.56h3.246l6.086 8.523.945 1.328 7.91 11.078h-3.246zm0 0\"\/><\/svg><\/span><\/a><\/li><\/ul><\/div>","protected":false},"excerpt":{"rendered":"<p>Suchen Sie nach passenden Webhosting Angeboten f\u00fcr osCommerce? Wir bieten Ihnen preiswertes osCommerce Hosting bereits ab 4,99\u20ac pro Monat inklusive vorinstalliertem osCommerce und mit kostenlosem Let&#8217;s Encrypt SSL Zertifikat!<\/p>\n","protected":false},"author":2,"featured_media":0,"parent":0,"menu_order":0,"comment_status":"closed","ping_status":"closed","template":"","meta":{"footnotes":""},"class_list":["post-8369","page","type-page","status-publish","hentry"],"_links":{"self":[{"href":"https:\/\/www.dmsolutions.de\/blog\/wp-json\/wp\/v2\/pages\/8369","targetHints":{"allow":["GET"]}}],"collection":[{"href":"https:\/\/www.dmsolutions.de\/blog\/wp-json\/wp\/v2\/pages"}],"about":[{"href":"https:\/\/www.dmsolutions.de\/blog\/wp-json\/wp\/v2\/types\/page"}],"author":[{"embeddable":true,"href":"https:\/\/www.dmsolutions.de\/blog\/wp-json\/wp\/v2\/users\/2"}],"replies":[{"embeddable":true,"href":"https:\/\/www.dmsolutions.de\/blog\/wp-json\/wp\/v2\/comments?post=8369"}],"version-history":[{"count":4,"href":"https:\/\/www.dmsolutions.de\/blog\/wp-json\/wp\/v2\/pages\/8369\/revisions"}],"predecessor-version":[{"id":8540,"href":"https:\/\/www.dmsolutions.de\/blog\/wp-json\/wp\/v2\/pages\/8369\/revisions\/8540"}],"wp:attachment":[{"href":"https:\/\/www.dmsolutions.de\/blog\/wp-json\/wp\/v2\/media?parent=8369"}],"curies":[{"name":"wp","href":"https:\/\/api.w.org\/{rel}","templated":true}]}}