{"id":7909,"date":"2017-03-07T17:29:30","date_gmt":"2017-03-07T16:29:30","guid":{"rendered":"https:\/\/www.dmsolutions.de\/blog\/?page_id=7909"},"modified":"2017-11-02T08:57:33","modified_gmt":"2017-11-02T07:57:33","slug":"homepage-tipps","status":"publish","type":"page","link":"https:\/\/www.dmsolutions.de\/blog\/homepage-tipps\/","title":{"rendered":"Homepage Tipps"},"content":{"rendered":"\n\n<div id=\"wk-grid80d\" class=\"uk-grid-width-1-1 uk-grid-width-small-1-2 uk-grid-width-medium-1-2 uk-grid uk-grid-match uk-text-center \" data-uk-grid-match=\"{target:'> div > .uk-panel', row:true}\" data-uk-grid-margin  data-uk-scrollspy=\"{cls:'uk-animation-fade uk-invisible', target:'> div > .uk-panel', delay:300}\">\n\n\n    <div>\n        <div class=\"uk-panel uk-panel-box uk-panel-box-hover uk-invisible\">\n\n                        <a class=\"uk-position-cover uk-position-z-index\" href=\"https:\/\/www.dmsolutions.de\/blog\/online-shop-als-rettung-fuer-einzelhaendler-und-gastronomen-in-not\/\" title=\"In Krisenzeiten: Online-Shop als Rettung f\u00fcr Einzelh\u00e4ndler und Gastronomen in Not\"><\/a>\n            \n            \n            \n            \n                        <h3 class=\"uk-panel-title\">\n\n                                    <a class=\"uk-link-reset\" href=\"https:\/\/www.dmsolutions.de\/blog\/online-shop-als-rettung-fuer-einzelhaendler-und-gastronomen-in-not\/\">In Krisenzeiten: Online-Shop als Rettung f\u00fcr Einzelh\u00e4ndler und Gastronomen in Not<\/a>\n                \n                \n            <\/h3>\n            \n            \n            \n                        <div class=\"uk-margin\"><p><img loading=\"lazy\" decoding=\"async\" class=\"aligncenter size-full wp-image-9557\" src=\"https:\/\/www.dmsolutions.de\/blog\/wp-content\/uploads\/2021\/02\/samantha-borges-EeS69TTPQ18-unsplash-scaled-e1614095213440.jpg\" alt=\"\" width=\"940\" height=\"627\" \/><\/p>\n<p>Liebe Leser,<\/p>\n<p>leider hat uns auch im Jahr 2021 Corona noch immer voll im Griff. W\u00e4hrend das \u00f6ffentliche Leben im Sommer 2020 wieder zu einer Art Normalzustand zur\u00fcckgekehrt war, hat es nun erneut einen Komplettstillstand erreicht. Der Lockdown macht uns allen zu schaffen, besonders schwer haben es zurzeit jedoch die kleinen Einzelh\u00e4ndler und Gastronomen. Denn gerade diese haben momentan unter enormen Umsatzeinbu\u00dfen zu leiden. Ein Retter in der Not kann hier ein Umzug ins Digitale sein \u2013 zum Beispiel mit der Er\u00f6ffnung eines eigenen Online-Shops. <\/p>\n<div class=\"shariff shariff-align-left shariff-widget-align-left\" data-services=\"facebook\" data-url=\"https:\/\/www.dmsolutions.de\/blog\/homepage-tipps\/\" data-timestamp=\"1509613053\" data-backendurl=\"https:\/\/www.dmsolutions.de\/blog\/wp-json\/shariff\/v1\/share_counts?\"><div class=\"ShariffHeadline\">Teile diesen Beitrag<\/div><ul class=\"shariff-buttons theme-round orientation-horizontal buttonsize-medium\"><li class=\"shariff-button facebook shariff-nocustomcolor\" style=\"background-color:#4273c8\"><a href=\"https:\/\/www.facebook.com\/sharer\/sharer.php?u=https%3A%2F%2Fwww.dmsolutions.de%2Fblog%2Fhomepage-tipps%2F\" title=\"Bei Facebook teilen\" aria-label=\"Bei Facebook teilen\" role=\"button\" rel=\"nofollow\" class=\"shariff-link\" style=\"; background-color:#3b5998; color:#fff\" target=\"_blank\"><span class=\"shariff-icon\" style=\"\"><svg width=\"32px\" height=\"20px\" xmlns=\"http:\/\/www.w3.org\/2000\/svg\" viewBox=\"0 0 18 32\"><path fill=\"#3b5998\" d=\"M17.1 0.2v4.7h-2.8q-1.5 0-2.1 0.6t-0.5 1.9v3.4h5.2l-0.7 5.3h-4.5v13.6h-5.5v-13.6h-4.5v-5.3h4.5v-3.9q0-3.3 1.9-5.2t5-1.8q2.6 0 4.1 0.2z\"\/><\/svg><\/span><\/a><\/li><li class=\"shariff-button twitter shariff-nocustomcolor\" style=\"background-color:#595959\"><a href=\"https:\/\/twitter.com\/share?url=https%3A%2F%2Fwww.dmsolutions.de%2Fblog%2Fhomepage-tipps%2F&text=Homepage%20Tipps&via=dmsolutions_it\" title=\"Bei X teilen\" aria-label=\"Bei X teilen\" role=\"button\" rel=\"noopener nofollow\" class=\"shariff-link\" style=\"; background-color:#000; color:#fff\" target=\"_blank\"><span class=\"shariff-icon\" style=\"\"><svg width=\"32px\" height=\"20px\" xmlns=\"http:\/\/www.w3.org\/2000\/svg\" viewBox=\"0 0 24 24\"><path fill=\"#000\" d=\"M14.258 10.152L23.176 0h-2.113l-7.747 8.813L7.133 0H0l9.352 13.328L0 23.973h2.113l8.176-9.309 6.531 9.309h7.133zm-2.895 3.293l-.949-1.328L2.875 1.56h3.246l6.086 8.523.945 1.328 7.91 11.078h-3.246zm0 0\"\/><\/svg><\/span><\/a><\/li><\/ul><\/div><\/div>\n            \n            \n                        <p><a class=\"uk-button\" href=\"https:\/\/www.dmsolutions.de\/blog\/online-shop-als-rettung-fuer-einzelhaendler-und-gastronomen-in-not\/\">Weiterlesen<\/a><\/p>\n            \n            \n        <\/div>\n    <\/div>\n\n\n    <div>\n        <div class=\"uk-panel uk-panel-box uk-panel-box-hover uk-invisible\">\n\n                        <a class=\"uk-position-cover uk-position-z-index\" href=\"https:\/\/www.dmsolutions.de\/blog\/webhosting-varianten-im-vergleich\/\" title=\"Webhosting Varianten im Vergleich &amp;#8211; welches Webhosting ist f\u00fcr Unternehmen ideal?\"><\/a>\n            \n            \n            \n            \n                        <h3 class=\"uk-panel-title\">\n\n                                    <a class=\"uk-link-reset\" href=\"https:\/\/www.dmsolutions.de\/blog\/webhosting-varianten-im-vergleich\/\">Webhosting Varianten im Vergleich &#8211; welches Webhosting ist f\u00fcr Unternehmen ideal?<\/a>\n                \n                \n            <\/h3>\n            \n            \n            \n                        <div class=\"uk-margin\"><p><img loading=\"lazy\" decoding=\"async\" class=\"aligncenter size-full wp-image-6358\" src=\"https:\/\/www.dmsolutions.de\/blog\/wp-content\/uploads\/2017\/03\/Welches-Webhosting-ist-f\u00fcr-Unternehmen-ideal-.png\" alt=\"Webhosting f\u00fcr Unternehmen - Webspace, Server und Co.\" width=\"800\" height=\"800\" srcset=\"https:\/\/www.dmsolutions.de\/blog\/wp-content\/uploads\/2017\/03\/Welches-Webhosting-ist-f\u00fcr-Unternehmen-ideal-.png 800w, https:\/\/www.dmsolutions.de\/blog\/wp-content\/uploads\/2017\/03\/Welches-Webhosting-ist-f\u00fcr-Unternehmen-ideal--150x150.png 150w, https:\/\/www.dmsolutions.de\/blog\/wp-content\/uploads\/2017\/03\/Welches-Webhosting-ist-f\u00fcr-Unternehmen-ideal--300x300.png 300w, https:\/\/www.dmsolutions.de\/blog\/wp-content\/uploads\/2017\/03\/Welches-Webhosting-ist-f\u00fcr-Unternehmen-ideal--768x768.png 768w, https:\/\/www.dmsolutions.de\/blog\/wp-content\/uploads\/2017\/03\/Welches-Webhosting-ist-f\u00fcr-Unternehmen-ideal--144x144.png 144w\" sizes=\"auto, (max-width: 800px) 100vw, 800px\" \/><br \/>\nOhne eigene Internetpr\u00e4senz k\u00f6nnen selbst viele kleinere Unternehmen nicht mehr am Markt bestehen. <\/p>\n<div class=\"shariff shariff-align-left shariff-widget-align-left\" data-services=\"facebook\" data-url=\"https:\/\/www.dmsolutions.de\/blog\/homepage-tipps\/\" data-timestamp=\"1509613053\" data-backendurl=\"https:\/\/www.dmsolutions.de\/blog\/wp-json\/shariff\/v1\/share_counts?\"><div class=\"ShariffHeadline\">Teile diesen Beitrag<\/div><ul class=\"shariff-buttons theme-round orientation-horizontal buttonsize-medium\"><li class=\"shariff-button facebook shariff-nocustomcolor\" style=\"background-color:#4273c8\"><a href=\"https:\/\/www.facebook.com\/sharer\/sharer.php?u=https%3A%2F%2Fwww.dmsolutions.de%2Fblog%2Fhomepage-tipps%2F\" title=\"Bei Facebook teilen\" aria-label=\"Bei Facebook teilen\" role=\"button\" rel=\"nofollow\" class=\"shariff-link\" style=\"; background-color:#3b5998; color:#fff\" target=\"_blank\"><span class=\"shariff-icon\" style=\"\"><svg width=\"32px\" height=\"20px\" xmlns=\"http:\/\/www.w3.org\/2000\/svg\" viewBox=\"0 0 18 32\"><path fill=\"#3b5998\" d=\"M17.1 0.2v4.7h-2.8q-1.5 0-2.1 0.6t-0.5 1.9v3.4h5.2l-0.7 5.3h-4.5v13.6h-5.5v-13.6h-4.5v-5.3h4.5v-3.9q0-3.3 1.9-5.2t5-1.8q2.6 0 4.1 0.2z\"\/><\/svg><\/span><\/a><\/li><li class=\"shariff-button twitter shariff-nocustomcolor\" style=\"background-color:#595959\"><a href=\"https:\/\/twitter.com\/share?url=https%3A%2F%2Fwww.dmsolutions.de%2Fblog%2Fhomepage-tipps%2F&text=Homepage%20Tipps&via=dmsolutions_it\" title=\"Bei X teilen\" aria-label=\"Bei X teilen\" role=\"button\" rel=\"noopener nofollow\" class=\"shariff-link\" style=\"; background-color:#000; color:#fff\" target=\"_blank\"><span class=\"shariff-icon\" style=\"\"><svg width=\"32px\" height=\"20px\" xmlns=\"http:\/\/www.w3.org\/2000\/svg\" viewBox=\"0 0 24 24\"><path fill=\"#000\" d=\"M14.258 10.152L23.176 0h-2.113l-7.747 8.813L7.133 0H0l9.352 13.328L0 23.973h2.113l8.176-9.309 6.531 9.309h7.133zm-2.895 3.293l-.949-1.328L2.875 1.56h3.246l6.086 8.523.945 1.328 7.91 11.078h-3.246zm0 0\"\/><\/svg><\/span><\/a><\/li><\/ul><\/div><\/div>\n            \n            \n                        <p><a class=\"uk-button\" href=\"https:\/\/www.dmsolutions.de\/blog\/webhosting-varianten-im-vergleich\/\">Weiterlesen<\/a><\/p>\n            \n            \n        <\/div>\n    <\/div>\n\n\n    <div>\n        <div class=\"uk-panel uk-panel-box uk-panel-box-hover uk-invisible\">\n\n                        <a class=\"uk-position-cover uk-position-z-index\" href=\"https:\/\/www.dmsolutions.de\/blog\/richtige-domain-waehlen\/\" title=\"Die richtige Domain w\u00e4hlen &amp;#8211; so geht&amp;#8217;s!\"><\/a>\n            \n            \n            \n            \n                        <h3 class=\"uk-panel-title\">\n\n                                    <a class=\"uk-link-reset\" href=\"https:\/\/www.dmsolutions.de\/blog\/richtige-domain-waehlen\/\">Die richtige Domain w\u00e4hlen &#8211; so geht&#8217;s!<\/a>\n                \n                \n            <\/h3>\n            \n            \n            \n                        <div class=\"uk-margin\"><p><img loading=\"lazy\" decoding=\"async\" class=\"aligncenter wp-image-7430 size-full\" src=\"https:\/\/www.dmsolutions.de\/blog\/wp-content\/uploads\/2016\/03\/so-finden-sie-die-richtige-domain.jpg\" alt=\"Finden Sie ganz einfach die richtige Domain\" width=\"940\" height=\"788\" srcset=\"https:\/\/www.dmsolutions.de\/blog\/wp-content\/uploads\/2016\/03\/so-finden-sie-die-richtige-domain.jpg 940w, https:\/\/www.dmsolutions.de\/blog\/wp-content\/uploads\/2016\/03\/so-finden-sie-die-richtige-domain-300x251.jpg 300w, https:\/\/www.dmsolutions.de\/blog\/wp-content\/uploads\/2016\/03\/so-finden-sie-die-richtige-domain-768x644.jpg 768w\" sizes=\"auto, (max-width: 940px) 100vw, 940px\" \/><\/p>\n<p>\u00a9 energyy &#8211; istockphoto.com<\/p>\n<p>Viele Webshop- und Website-Inhaber w\u00e4hlen den Namen ihrer Domain auf gut Gl\u00fcck oder weil er ihnen einfach gef\u00e4llt. <\/p>\n<div class=\"shariff shariff-align-left shariff-widget-align-left\" data-services=\"facebook\" data-url=\"https:\/\/www.dmsolutions.de\/blog\/homepage-tipps\/\" data-timestamp=\"1509613053\" data-backendurl=\"https:\/\/www.dmsolutions.de\/blog\/wp-json\/shariff\/v1\/share_counts?\"><div class=\"ShariffHeadline\">Teile diesen Beitrag<\/div><ul class=\"shariff-buttons theme-round orientation-horizontal buttonsize-medium\"><li class=\"shariff-button facebook shariff-nocustomcolor\" style=\"background-color:#4273c8\"><a href=\"https:\/\/www.facebook.com\/sharer\/sharer.php?u=https%3A%2F%2Fwww.dmsolutions.de%2Fblog%2Fhomepage-tipps%2F\" title=\"Bei Facebook teilen\" aria-label=\"Bei Facebook teilen\" role=\"button\" rel=\"nofollow\" class=\"shariff-link\" style=\"; background-color:#3b5998; color:#fff\" target=\"_blank\"><span class=\"shariff-icon\" style=\"\"><svg width=\"32px\" height=\"20px\" xmlns=\"http:\/\/www.w3.org\/2000\/svg\" viewBox=\"0 0 18 32\"><path fill=\"#3b5998\" d=\"M17.1 0.2v4.7h-2.8q-1.5 0-2.1 0.6t-0.5 1.9v3.4h5.2l-0.7 5.3h-4.5v13.6h-5.5v-13.6h-4.5v-5.3h4.5v-3.9q0-3.3 1.9-5.2t5-1.8q2.6 0 4.1 0.2z\"\/><\/svg><\/span><\/a><\/li><li class=\"shariff-button twitter shariff-nocustomcolor\" style=\"background-color:#595959\"><a href=\"https:\/\/twitter.com\/share?url=https%3A%2F%2Fwww.dmsolutions.de%2Fblog%2Fhomepage-tipps%2F&text=Homepage%20Tipps&via=dmsolutions_it\" title=\"Bei X teilen\" aria-label=\"Bei X teilen\" role=\"button\" rel=\"noopener nofollow\" class=\"shariff-link\" style=\"; background-color:#000; color:#fff\" target=\"_blank\"><span class=\"shariff-icon\" style=\"\"><svg width=\"32px\" height=\"20px\" xmlns=\"http:\/\/www.w3.org\/2000\/svg\" viewBox=\"0 0 24 24\"><path fill=\"#000\" d=\"M14.258 10.152L23.176 0h-2.113l-7.747 8.813L7.133 0H0l9.352 13.328L0 23.973h2.113l8.176-9.309 6.531 9.309h7.133zm-2.895 3.293l-.949-1.328L2.875 1.56h3.246l6.086 8.523.945 1.328 7.91 11.078h-3.246zm0 0\"\/><\/svg><\/span><\/a><\/li><\/ul><\/div><\/div>\n            \n            \n                        <p><a class=\"uk-button\" href=\"https:\/\/www.dmsolutions.de\/blog\/richtige-domain-waehlen\/\">Weiterlesen<\/a><\/p>\n            \n            \n        <\/div>\n    <\/div>\n\n\n    <div>\n        <div class=\"uk-panel uk-panel-box uk-panel-box-hover uk-invisible\">\n\n                        <a class=\"uk-position-cover uk-position-z-index\" href=\"https:\/\/www.dmsolutions.de\/blog\/braucht-ihre-webseite-wirklich-ein-impressum\/\" title=\"Braucht Ihre Webseite wirklich ein Impressum?\"><\/a>\n            \n            \n            \n            \n                        <h3 class=\"uk-panel-title\">\n\n                                    <a class=\"uk-link-reset\" href=\"https:\/\/www.dmsolutions.de\/blog\/braucht-ihre-webseite-wirklich-ein-impressum\/\">Braucht Ihre Webseite wirklich ein Impressum?<\/a>\n                \n                \n            <\/h3>\n            \n            \n            \n                        <div class=\"uk-margin\"><p><img loading=\"lazy\" decoding=\"async\" class=\"aligncenter size-full wp-image-6182\" src=\"https:\/\/www.dmsolutions.de\/blog\/wp-content\/uploads\/2012\/12\/logo.jpg\" alt=\"Ist ein Impressum notwendig?\" width=\"940\" height=\"788\" srcset=\"https:\/\/www.dmsolutions.de\/blog\/wp-content\/uploads\/2012\/12\/logo.jpg 940w, https:\/\/www.dmsolutions.de\/blog\/wp-content\/uploads\/2012\/12\/logo-300x251.jpg 300w, https:\/\/www.dmsolutions.de\/blog\/wp-content\/uploads\/2012\/12\/logo-768x644.jpg 768w\" sizes=\"auto, (max-width: 940px) 100vw, 940px\" \/><\/p>\n<p>Wer einen Online-Shop oder eine Webseite betreiben m\u00f6chte, der muss sich mit vielen wichtigen Dingen auseinandersetzen. <\/p>\n<div class=\"shariff shariff-align-left shariff-widget-align-left\" data-services=\"facebook\" data-url=\"https:\/\/www.dmsolutions.de\/blog\/homepage-tipps\/\" data-timestamp=\"1509613053\" data-backendurl=\"https:\/\/www.dmsolutions.de\/blog\/wp-json\/shariff\/v1\/share_counts?\"><div class=\"ShariffHeadline\">Teile diesen Beitrag<\/div><ul class=\"shariff-buttons theme-round orientation-horizontal buttonsize-medium\"><li class=\"shariff-button facebook shariff-nocustomcolor\" style=\"background-color:#4273c8\"><a href=\"https:\/\/www.facebook.com\/sharer\/sharer.php?u=https%3A%2F%2Fwww.dmsolutions.de%2Fblog%2Fhomepage-tipps%2F\" title=\"Bei Facebook teilen\" aria-label=\"Bei Facebook teilen\" role=\"button\" rel=\"nofollow\" class=\"shariff-link\" style=\"; background-color:#3b5998; color:#fff\" target=\"_blank\"><span class=\"shariff-icon\" style=\"\"><svg width=\"32px\" height=\"20px\" xmlns=\"http:\/\/www.w3.org\/2000\/svg\" viewBox=\"0 0 18 32\"><path fill=\"#3b5998\" d=\"M17.1 0.2v4.7h-2.8q-1.5 0-2.1 0.6t-0.5 1.9v3.4h5.2l-0.7 5.3h-4.5v13.6h-5.5v-13.6h-4.5v-5.3h4.5v-3.9q0-3.3 1.9-5.2t5-1.8q2.6 0 4.1 0.2z\"\/><\/svg><\/span><\/a><\/li><li class=\"shariff-button twitter shariff-nocustomcolor\" style=\"background-color:#595959\"><a href=\"https:\/\/twitter.com\/share?url=https%3A%2F%2Fwww.dmsolutions.de%2Fblog%2Fhomepage-tipps%2F&text=Homepage%20Tipps&via=dmsolutions_it\" title=\"Bei X teilen\" aria-label=\"Bei X teilen\" role=\"button\" rel=\"noopener nofollow\" class=\"shariff-link\" style=\"; background-color:#000; color:#fff\" target=\"_blank\"><span class=\"shariff-icon\" style=\"\"><svg width=\"32px\" height=\"20px\" xmlns=\"http:\/\/www.w3.org\/2000\/svg\" viewBox=\"0 0 24 24\"><path fill=\"#000\" d=\"M14.258 10.152L23.176 0h-2.113l-7.747 8.813L7.133 0H0l9.352 13.328L0 23.973h2.113l8.176-9.309 6.531 9.309h7.133zm-2.895 3.293l-.949-1.328L2.875 1.56h3.246l6.086 8.523.945 1.328 7.91 11.078h-3.246zm0 0\"\/><\/svg><\/span><\/a><\/li><\/ul><\/div><\/div>\n            \n            \n                        <p><a class=\"uk-button\" href=\"https:\/\/www.dmsolutions.de\/blog\/braucht-ihre-webseite-wirklich-ein-impressum\/\">Weiterlesen<\/a><\/p>\n            \n            \n        <\/div>\n    <\/div>\n\n\n<\/div>\n\n<script>\n(function($){\n\n    \/\/ get the images of the gallery and replace it by a canvas of the same size to fix the problem with overlapping images on load.\n    $('img[width][height]:not(.uk-overlay-panel)', $('#wk-grid80d')).each(function() {\n\n        var $img = $(this);\n\n        if (this.width == 'auto' || this.height == 'auto' || !$img.is(':visible')) {\n            return;\n        }\n\n        var $canvas = $('<canvas class=\"uk-responsive-width\"><\/canvas>').attr({width:$img.attr('width'), height:$img.attr('height')}),\n            img = new Image,\n            release = function() {\n                $canvas.remove();\n                $img.css('display', '');\n                release = function(){};\n            };\n\n        $img.css('display', 'none').after($canvas);\n\n        $(img).on('load', function(){ release(); });\n        setTimeout(function(){ release(); }, 1000);\n\n        img.src = this.src;\n\n    });\n\n})(jQuery);\n<\/script>\n\n<div class=\"shariff shariff-align-left shariff-widget-align-left\" data-services=\"facebook\" data-url=\"https:\/\/www.dmsolutions.de\/blog\/homepage-tipps\/\" data-timestamp=\"1509613053\" data-backendurl=\"https:\/\/www.dmsolutions.de\/blog\/wp-json\/shariff\/v1\/share_counts?\"><div class=\"ShariffHeadline\">Teile diesen Beitrag<\/div><ul class=\"shariff-buttons theme-round orientation-horizontal buttonsize-medium\"><li class=\"shariff-button facebook shariff-nocustomcolor\" style=\"background-color:#4273c8\"><a href=\"https:\/\/www.facebook.com\/sharer\/sharer.php?u=https%3A%2F%2Fwww.dmsolutions.de%2Fblog%2Fhomepage-tipps%2F\" title=\"Bei Facebook teilen\" aria-label=\"Bei Facebook teilen\" role=\"button\" rel=\"nofollow\" class=\"shariff-link\" style=\"; background-color:#3b5998; color:#fff\" target=\"_blank\"><span class=\"shariff-icon\" style=\"\"><svg width=\"32px\" height=\"20px\" xmlns=\"http:\/\/www.w3.org\/2000\/svg\" viewBox=\"0 0 18 32\"><path fill=\"#3b5998\" d=\"M17.1 0.2v4.7h-2.8q-1.5 0-2.1 0.6t-0.5 1.9v3.4h5.2l-0.7 5.3h-4.5v13.6h-5.5v-13.6h-4.5v-5.3h4.5v-3.9q0-3.3 1.9-5.2t5-1.8q2.6 0 4.1 0.2z\"\/><\/svg><\/span><\/a><\/li><li class=\"shariff-button twitter shariff-nocustomcolor\" style=\"background-color:#595959\"><a href=\"https:\/\/twitter.com\/share?url=https%3A%2F%2Fwww.dmsolutions.de%2Fblog%2Fhomepage-tipps%2F&text=Homepage%20Tipps&via=dmsolutions_it\" title=\"Bei X teilen\" aria-label=\"Bei X teilen\" role=\"button\" rel=\"noopener nofollow\" class=\"shariff-link\" style=\"; background-color:#000; color:#fff\" target=\"_blank\"><span class=\"shariff-icon\" style=\"\"><svg width=\"32px\" height=\"20px\" xmlns=\"http:\/\/www.w3.org\/2000\/svg\" viewBox=\"0 0 24 24\"><path fill=\"#000\" d=\"M14.258 10.152L23.176 0h-2.113l-7.747 8.813L7.133 0H0l9.352 13.328L0 23.973h2.113l8.176-9.309 6.531 9.309h7.133zm-2.895 3.293l-.949-1.328L2.875 1.56h3.246l6.086 8.523.945 1.328 7.91 11.078h-3.246zm0 0\"\/><\/svg><\/span><\/a><\/li><\/ul><\/div>","protected":false},"excerpt":{"rendered":"","protected":false},"author":2,"featured_media":0,"parent":0,"menu_order":0,"comment_status":"closed","ping_status":"closed","template":"","meta":{"footnotes":""},"class_list":["post-7909","page","type-page","status-publish","hentry"],"_links":{"self":[{"href":"https:\/\/www.dmsolutions.de\/blog\/wp-json\/wp\/v2\/pages\/7909","targetHints":{"allow":["GET"]}}],"collection":[{"href":"https:\/\/www.dmsolutions.de\/blog\/wp-json\/wp\/v2\/pages"}],"about":[{"href":"https:\/\/www.dmsolutions.de\/blog\/wp-json\/wp\/v2\/types\/page"}],"author":[{"embeddable":true,"href":"https:\/\/www.dmsolutions.de\/blog\/wp-json\/wp\/v2\/users\/2"}],"replies":[{"embeddable":true,"href":"https:\/\/www.dmsolutions.de\/blog\/wp-json\/wp\/v2\/comments?post=7909"}],"version-history":[{"count":1,"href":"https:\/\/www.dmsolutions.de\/blog\/wp-json\/wp\/v2\/pages\/7909\/revisions"}],"predecessor-version":[{"id":7910,"href":"https:\/\/www.dmsolutions.de\/blog\/wp-json\/wp\/v2\/pages\/7909\/revisions\/7910"}],"wp:attachment":[{"href":"https:\/\/www.dmsolutions.de\/blog\/wp-json\/wp\/v2\/media?parent=7909"}],"curies":[{"name":"wp","href":"https:\/\/api.w.org\/{rel}","templated":true}]}}